{"id":573,"date":"2014-09-16T07:03:50","date_gmt":"2014-09-16T07:03:50","guid":{"rendered":"http:\/\/demo.owwwlab.com\/wp-toranj-sample-data\/full-demo\/?page_id=2"},"modified":"2019-08-15T07:01:11","modified_gmt":"2019-08-15T07:01:11","slug":"home","status":"publish","type":"page","link":"https:\/\/cigle.rs\/","title":{"rendered":"Nova dimenzija Va\u0161eg prostora"},"content":{"rendered":"<div class=\"toranj-vc-row-wrapper\"><div class=\"vc_row wpb_row vc_row-fluid\"><div class=\"wpb_column vc_column_container vc_col-sm-12\"><div class=\"wpb_wrapper\"><div class=\"vertical-carousel team-members vertical-carousel1671526737 my-custom-carousel\"><div class=\"left-side\" >\n                        <div class=\"left-side-wrapper\"><\/div>\n                        <!-- Carousel Counter -->\n                        <div class=\"vcarousel-counter\">\n                            <span class=\"counter-current\">1<\/span>\n                            <span class=\"counter-divider\">\/<\/span>\n                            <span class=\"counter-total\"><\/span>\n                        <\/div>\n                        <!-- \/Carousel Counter -->\n\n                        <!-- Carousel Previous -->\n                        <div class=\"vcarousel-prev\">\n                            <a href=\"#\"><i class=\"fa fa-angle-up\"><\/i><\/a>\n                        <\/div>\n                        <!-- \/Carousel Previous -->\n\n                        <!-- Carousel Next -->\n                        <div class=\"vcarousel-next\">\n                            <a href=\"#\"><i class=\"fa fa-angle-down\"><\/i><\/a>\n                        <\/div>\n                        <!-- \/Carousel Next -->\n                    <\/div><!-- \/Contents Side-->\n\n                    <div class=\"right-side\" data-fill=\"auto-fill\">\n                        <!-- Image Carousel Wrapper -->\n                        <div class=\"right-side-wrapper\"><\/div>\n                    <\/div><div class=\"dc-contents\" style=\"display:none;\"><div class=\"dc-item\"><div class=\"dc-left-side\"><div class=\"item vcenter-wrapper  mystyle slide7\" style=\"background-color:#773c10\">\n                            <div class=\"item-wrapper vcenter\"><h2 class=\"section-title double-title\">\n<span>U poseti . . .<\/span>Vandersanden\n<\/h2>\n<p>Poslovnim partnerima  . . .<\/p>\n<a href=\"http:\/\/cigle.rs\/?owlabpfl=u-poseti-vandersandenu\" class=\"btn btn-transparent\">Detalji<\/a><\/div><!-- \/.item-wrapper-->\n                        <\/div><!-- \/.item--><\/div><!--\/.dc-left-side--><div class=\"dc-right-side\"><!-- Image Item -->\n                        <div class=\"item\">\n                            <img src=\"https:\/\/cigle.rs\/wp-content\/uploads\/2018\/01\/IMG-20180123-WA0004.jpg\" alt=\"Firstname\">\n                        <\/div>\n                        <!-- \/Image Item --><\/div><!--\/.dc-right-side--><\/div><!--\/.dc-item--><script><\/script><div class=\"dc-item\"><div class=\"dc-left-side\"><div class=\"item vcenter-wrapper  mystyle slide2\" style=\"background-color:#c6b7b1\">\n                            <div class=\"item-wrapper vcenter\"><h2 class=\"section-title double-title\">\n<span>U poseti . . .<\/span>Feldhaus Klinker\n<\/h2>\n<p>poslovnim partnerima  . . .<\/p>\n<a href=\"http:\/\/cigle.rs\/?owlabpfl=u-poseti-feldhaus-klinkeru\" class=\"btn btn-transparent\">Detalji<\/a><\/div><!-- \/.item-wrapper-->\n                        <\/div><!-- \/.item--><\/div><!--\/.dc-left-side--><div class=\"dc-right-side\"><!-- Image Item -->\n                        <div class=\"item\">\n                            <img src=\"https:\/\/cigle.rs\/wp-content\/uploads\/2018\/01\/IMG-20180123-WA0019.jpg\" alt=\"Firstname\">\n                        <\/div>\n                        <!-- \/Image Item --><\/div><!--\/.dc-right-side--><\/div><!--\/.dc-item--><script><\/script><div class=\"dc-item\"><div class=\"dc-left-side\"><div class=\"item vcenter-wrapper  mystyle slide2\" style=\"background-color:#dbd1c9\">\n                            <div class=\"item-wrapper vcenter\"><h2 class=\"section-title double-title\">\n<span>Enterijer<\/span>Listele\n<\/h2>\n<p>Prirodni materijali u Va\u0161em domu . . .<\/p>\n<a href=\"http:\/\/drakedesign.se\/?owlabbulkg=ambijenti\" class=\"btn btn-transparent\">Na\u0161i radovi<\/a><\/div><!-- \/.item-wrapper-->\n                        <\/div><!-- \/.item--><\/div><!--\/.dc-left-side--><div class=\"dc-right-side\"><!-- Image Item -->\n                        <div class=\"item\">\n                            <img src=\"https:\/\/cigle.rs\/wp-content\/uploads\/2014\/09\/DSCF4554.jpg\" alt=\"Firstname\">\n                        <\/div>\n                        <!-- \/Image Item --><\/div><!--\/.dc-right-side--><\/div><!--\/.dc-item--><script><\/script><div class=\"dc-item\"><div class=\"dc-left-side\"><div class=\"item vcenter-wrapper  mystyle \" style=\"background-color:#371e02\">\n                            <div class=\"item-wrapper vcenter\"><h2 class=\"section-title double-title\">\n<span>Enterijer<\/span>Listele\n<\/h2>\n<p>Neka Va\u0161 prostor dobije novi dimenziju . . .<\/p>\n<a href=\"http:\/\/drakedesign.se\/?owlabbulkg=ambijenti\" class=\"btn btn-transparent\">Na\u0161i radovi<\/a><\/div><!-- \/.item-wrapper-->\n                        <\/div><!-- \/.item--><\/div><!--\/.dc-left-side--><div class=\"dc-right-side\"><!-- Image Item -->\n                        <div class=\"item\">\n                            <img src=\"https:\/\/cigle.rs\/wp-content\/uploads\/2014\/09\/naslovna77156.jpg\" alt=\"Firstname\">\n                        <\/div>\n                        <!-- \/Image Item --><\/div><!--\/.dc-right-side--><\/div><!--\/.dc-item--><script><\/script><div class=\"dc-item\"><div class=\"dc-left-side\"><div class=\"item vcenter-wrapper  mystyle slide2\" style=\"background-color:#c6ac9f\">\n                            <div class=\"item-wrapper vcenter\"><h2 class=\"section-title double-title\">\n<span>Enterijer<\/span>Listele\n<\/h2>\n<p>Prirodni materijali u Va\u0161em domu . . .<\/p>\n<a href=\"http:\/\/drakedesign.se\/?owlabbulkg=ambijenti\" class=\"btn btn-transparent\">Na\u0161i radovi<\/a><\/div><!-- \/.item-wrapper-->\n                        <\/div><!-- \/.item--><\/div><!--\/.dc-left-side--><div class=\"dc-right-side\"><!-- Image Item -->\n                        <div class=\"item\">\n                            <img src=\"https:\/\/cigle.rs\/wp-content\/uploads\/2014\/09\/DSCF4944.jpg\" alt=\"Firstname\">\n                        <\/div>\n                        <!-- \/Image Item --><\/div><!--\/.dc-right-side--><\/div><!--\/.dc-item--><script><\/script><div class=\"dc-item\"><div class=\"dc-left-side\"><div class=\"item vcenter-wrapper  mystyle slide0\" style=\"background-color:#2b251b\">\n                            <div class=\"item-wrapper vcenter\"><h2 class=\"section-title double-title\">\n<span>Enterijer<\/span>Listele\n<\/h2>\n<p>Dah ve\u010dnosti u Va\u0161em prostoru . . .<\/p>\n<a href=\"http:\/\/drakedesign.se\/?owlabbulkg=ambijenti\" class=\"btn btn-transparent\">Na\u0161i radovi<\/a><\/div><!-- \/.item-wrapper-->\n                        <\/div><!-- \/.item--><\/div><!--\/.dc-left-side--><div class=\"dc-right-side\"><!-- Image Item -->\n                        <div class=\"item\">\n                            <img src=\"https:\/\/cigle.rs\/wp-content\/uploads\/2014\/09\/DSCF5076.jpg\" alt=\"Firstname\">\n                        <\/div>\n                        <!-- \/Image Item --><\/div><!--\/.dc-right-side--><\/div><!--\/.dc-item--><script><\/script><div class=\"dc-item\"><div class=\"dc-left-side\"><div class=\"item vcenter-wrapper  mystyle slide0\" style=\"background-color:#ad5427\">\n                            <div class=\"item-wrapper vcenter\"><h2 class=\"section-title double-title\">\n<span>Enterijer<\/span>Listele\n<\/h2>\n<p>Prirodni materijali u Va\u0161em domu . . .<\/p>\n<a href=\"http:\/\/drakedesign.se\/?owlabbulkg=ambijenti\" class=\"btn btn-transparent\">Na\u0161i radovi<\/a><\/div><!-- \/.item-wrapper-->\n                        <\/div><!-- \/.item--><\/div><!--\/.dc-left-side--><div class=\"dc-right-side\"><!-- Image Item -->\n                        <div class=\"item\">\n                            <img src=\"https:\/\/cigle.rs\/wp-content\/uploads\/2014\/09\/DSCF4978.jpg\" alt=\"Firstname\">\n                        <\/div>\n                        <!-- \/Image Item --><\/div><!--\/.dc-right-side--><\/div><!--\/.dc-item--><script><\/script><div class=\"dc-item\"><div class=\"dc-left-side\"><div class=\"item vcenter-wrapper  mystyle slide0\" style=\"background-color:#30180b\">\n                            <div class=\"item-wrapper vcenter\"><h2 class=\"section-title double-title\">\n<span>Enterijer<\/span>Listele\n<\/h2>\n<p>Idealno za vikendice . . .<\/p>\n<a href=\"http:\/\/drakedesign.se\/?owlabbulkg=ambijenti\" class=\"btn btn-transparent\">Na\u0161i radovi<\/a><\/div><!-- \/.item-wrapper-->\n                        <\/div><!-- \/.item--><\/div><!--\/.dc-left-side--><div class=\"dc-right-side\"><!-- Image Item -->\n                        <div class=\"item\">\n                            <img src=\"https:\/\/cigle.rs\/wp-content\/uploads\/2014\/09\/DSCF4638.jpg\" alt=\"Firstname\">\n                        <\/div>\n                        <!-- \/Image Item --><\/div><!--\/.dc-right-side--><\/div><!--\/.dc-item--><script><\/script><div class=\"dc-item\"><div class=\"dc-left-side\"><div class=\"item vcenter-wrapper  mystyle slide2\" style=\"background-color:#ededed\">\n                            <div class=\"item-wrapper vcenter\"><h2 class=\"section-title double-title\">\n<span>Enterijer<\/span>Listele\n<\/h2>\n<p>Idealno za hotele . . .<\/p>\n<a href=\"http:\/\/drakedesign.se\/?owlabbulkg=ambijenti\" class=\"btn btn-transparent\">Na\u0161i radovi<\/a><\/div><!-- \/.item-wrapper-->\n                        <\/div><!-- \/.item--><\/div><!--\/.dc-left-side--><div class=\"dc-right-side\"><!-- Image Item -->\n                        <div class=\"item\">\n                            <img src=\"https:\/\/cigle.rs\/wp-content\/uploads\/2014\/09\/DSCF4851.jpg\" alt=\"Firstname\">\n                        <\/div>\n                        <!-- \/Image Item --><\/div><!--\/.dc-right-side--><\/div><!--\/.dc-item--><script><\/script><\/div><\/div><!-- \/.team-members--><\/div><\/div><\/div><\/div>\n","protected":false},"excerpt":{"rendered":"1 \/ U poseti . . .Vandersanden Poslovnim partnerima . . . Detalji U poseti . . .Feldhaus Klinker poslovnim partnerima . . . Detalji EnterijerListele Prirodni materijali u Va\u0161em domu . . . Na\u0161i radovi EnterijerListele Neka Va\u0161 prostor dobije novi dimenziju . . . Na\u0161i radovi EnterijerListele Prirodni materijali u Va\u0161em domu . [...]","protected":false},"author":1,"featured_media":0,"parent":0,"menu_order":0,"comment_status":"open","ping_status":"closed","template":"template-dark-abs.php","meta":[],"_links":{"self":[{"href":"https:\/\/cigle.rs\/index.php?rest_route=\/wp\/v2\/pages\/573"}],"collection":[{"href":"https:\/\/cigle.rs\/index.php?rest_route=\/wp\/v2\/pages"}],"about":[{"href":"https:\/\/cigle.rs\/index.php?rest_route=\/wp\/v2\/types\/page"}],"author":[{"embeddable":true,"href":"https:\/\/cigle.rs\/index.php?rest_route=\/wp\/v2\/users\/1"}],"replies":[{"embeddable":true,"href":"https:\/\/cigle.rs\/index.php?rest_route=%2Fwp%2Fv2%2Fcomments&post=573"}],"version-history":[{"count":19,"href":"https:\/\/cigle.rs\/index.php?rest_route=\/wp\/v2\/pages\/573\/revisions"}],"predecessor-version":[{"id":3413,"href":"https:\/\/cigle.rs\/index.php?rest_route=\/wp\/v2\/pages\/573\/revisions\/3413"}],"wp:attachment":[{"href":"https:\/\/cigle.rs\/index.php?rest_route=%2Fwp%2Fv2%2Fmedia&parent=573"}],"curies":[{"name":"wp","href":"https:\/\/api.w.org\/{rel}","templated":true}]}}